{"id":258,"date":"2018-01-22T10:17:40","date_gmt":"2018-01-22T14:17:40","guid":{"rendered":"http:\/\/ayuntamiento.o\/transparencia\/?page_id=258"},"modified":"2023-03-08T10:51:53","modified_gmt":"2023-03-08T14:51:53","slug":"responsable-de-acceso-a-la-informacion","status":"publish","type":"page","link":"https:\/\/juntamunicipaljuanadrian.gob.do\/transparencia\/responsable-de-acceso-a-la-informacion\/","title":{"rendered":"Responsable de Acceso a la Informaci\u00f3n"},"content":{"rendered":"\n\t\t<style type=\"text\/css\">\n\t\t\t#gallery-1 {\n\t\t\t\tmargin: auto;\n\t\t\t}\n\t\t\t#gallery-1 .gallery-item {\n\t\t\t\tfloat: left;\n\t\t\t\tmargin-top: 10px;\n\t\t\t\ttext-align: center;\n\t\t\t\twidth: 50%;\n\t\t\t}\n\t\t\t#gallery-1 img {\n\t\t\t\tborder: 2px solid #cfcfcf;\n\t\t\t}\n\t\t\t#gallery-1 .gallery-caption {\n\t\t\t\tmargin-left: 0;\n\t\t\t}\n\t\t\t\/* see gallery_shortcode() in wp-includes\/media.php *\/\n\t\t<\/style>\n\t\t<div id='gallery-1' class='gallery galleryid-258 gallery-columns-2 gallery-size-medium'><dl class='gallery-item'>\n\t\t\t<dt class='gallery-icon landscape'>\n\t\t\t\t<a href='https:\/\/juntamunicipaljuanadrian.gob.do\/transparencia\/responsable-de-acceso-a-la-informacion\/whatsapp-image-2023-03-08-at-10-45-20-am\/'><img width=\"250\" height=\"250\" src=\"https:\/\/juntamunicipaljuanadrian.gob.do\/transparencia\/wp-content\/uploads\/2023\/03\/WhatsApp-Image-2023-03-08-at-10.45.20-AM-250x250.jpeg\" class=\"attachment-medium size-medium\" alt=\"\" loading=\"lazy\" srcset=\"https:\/\/juntamunicipaljuanadrian.gob.do\/transparencia\/wp-content\/uploads\/2023\/03\/WhatsApp-Image-2023-03-08-at-10.45.20-AM-250x250.jpeg 250w, https:\/\/juntamunicipaljuanadrian.gob.do\/transparencia\/wp-content\/uploads\/2023\/03\/WhatsApp-Image-2023-03-08-at-10.45.20-AM-700x700.jpeg 700w, https:\/\/juntamunicipaljuanadrian.gob.do\/transparencia\/wp-content\/uploads\/2023\/03\/WhatsApp-Image-2023-03-08-at-10.45.20-AM-150x150.jpeg 150w, https:\/\/juntamunicipaljuanadrian.gob.do\/transparencia\/wp-content\/uploads\/2023\/03\/WhatsApp-Image-2023-03-08-at-10.45.20-AM-768x768.jpeg 768w, https:\/\/juntamunicipaljuanadrian.gob.do\/transparencia\/wp-content\/uploads\/2023\/03\/WhatsApp-Image-2023-03-08-at-10.45.20-AM-120x120.jpeg 120w, https:\/\/juntamunicipaljuanadrian.gob.do\/transparencia\/wp-content\/uploads\/2023\/03\/WhatsApp-Image-2023-03-08-at-10.45.20-AM.jpeg 1024w\" sizes=\"(max-width: 250px) 100vw, 250px\" \/><\/a>\n\t\t\t<\/dt><\/dl>\n\t\t\t<br style='clear: both' \/>\n\t\t<\/div>\n\n<p><strong>Sra.: Chaina Yabelis Macea<\/strong><\/p>\n<p><strong>Tel\u00e9fono: \u00a0\u00a0celular: 829-969-2891\u00a0\u00a0\u00a0\u00a0\u00a0\u00a0\u00a0\u00a0\u00a0\u00a0\u00a0 <\/strong><\/p>\n<p><strong>Mail.:\u00a0\u00a0 oficina.libreaccesojuanadrian@gmail.com<\/strong><\/p>\n<p><strong>Direcci\u00f3n: Pedro Olivares Diaz, No. 17, Juan Adri\u00e1n, Municipio Piedra Blanca, Provincia Monse\u00f1or Nouel.<\/strong><\/p>\n<p class=\"paragraph ng-attr-widget\" style=\"text-align: center\">\n","protected":false},"excerpt":{"rendered":"Sra.: Chaina Yabelis Macea Tel\u00e9fono: \u00a0\u00a0celular: 829-969-2891\u00a0\u00a0\u00a0\u00a0\u00a0\u00a0\u00a0\u00a0\u00a0\u00a0\u00a0 Mail.:\u00a0\u00a0 oficina.libreaccesojuanadrian@gmail.com Direcci\u00f3n: Pedro Olivares Diaz, No. 17, Juan Adri\u00e1n, Municipio Piedra Blanca, Provincia Monse\u00f1or Nouel.","protected":false},"author":4,"featured_media":0,"parent":0,"menu_order":0,"comment_status":"closed","ping_status":"closed","template":"","meta":[],"acf":[],"_links":{"self":[{"href":"https:\/\/juntamunicipaljuanadrian.gob.do\/transparencia\/wp-json\/wp\/v2\/pages\/258"}],"collection":[{"href":"https:\/\/juntamunicipaljuanadrian.gob.do\/transparencia\/wp-json\/wp\/v2\/pages"}],"about":[{"href":"https:\/\/juntamunicipaljuanadrian.gob.do\/transparencia\/wp-json\/wp\/v2\/types\/page"}],"author":[{"embeddable":true,"href":"https:\/\/juntamunicipaljuanadrian.gob.do\/transparencia\/wp-json\/wp\/v2\/users\/4"}],"replies":[{"embeddable":true,"href":"https:\/\/juntamunicipaljuanadrian.gob.do\/transparencia\/wp-json\/wp\/v2\/comments?post=258"}],"version-history":[{"count":2,"href":"https:\/\/juntamunicipaljuanadrian.gob.do\/transparencia\/wp-json\/wp\/v2\/pages\/258\/revisions"}],"predecessor-version":[{"id":559,"href":"https:\/\/juntamunicipaljuanadrian.gob.do\/transparencia\/wp-json\/wp\/v2\/pages\/258\/revisions\/559"}],"wp:attachment":[{"href":"https:\/\/juntamunicipaljuanadrian.gob.do\/transparencia\/wp-json\/wp\/v2\/media?parent=258"}],"curies":[{"name":"wp","href":"https:\/\/api.w.org\/{rel}","templated":true}]}}