{"id":78,"date":"2017-12-12T11:24:21","date_gmt":"2017-12-12T15:24:21","guid":{"rendered":"http:\/\/ayuntamiento.guineo\/transparencia\/?page_id=78"},"modified":"2022-06-03T17:06:34","modified_gmt":"2022-06-03T21:06:34","slug":"definicion-oaim-oficina-de-acceso-a-la-informacion-municipal","status":"publish","type":"page","link":"https:\/\/juntamunicipaljuanadrian.gob.do\/transparencia\/definicion-oaim-oficina-de-acceso-a-la-informacion-municipal\/","title":{"rendered":"Definici\u00f3n OAIM (Oficina de Acceso a la Informaci\u00f3n Municipal)"},"content":{"rendered":"<p style=\"margin: 0cm 0cm 7.5pt 0cm\"><span lang=\"ES-DO\" style=\"font-size: 14.0pt;font-family: 'Arial',sans-serif;color: #191919\">La Junta Del Distrito Municipal Juan Adri\u00e1n, tiene como objetivo primordial mostrar transparencia en cada una de las ejecuciones de los fondos p\u00fablicos. Motivando a la confianza de sus ciudadanos, Por eso crea el portal de libre acceso a la informaci\u00f3n con la finalidad de que la comunidad est\u00e9 informada y sea participe en cada una\u00a0 de los proyectos y obras a realizar en dicho Distrito.<\/span><\/p>\n<p style=\"margin: 0cm 0cm 7.5pt 0cm\"><strong><span lang=\"ES-DO\" style=\"font-size: 14.0pt;font-family: 'Arial',sans-serif;color: #191919\">Visi\u00f3n<\/span><\/strong><\/p>\n<p style=\"margin: 0cm 0cm 7.5pt 0cm\"><span lang=\"ES-DO\" style=\"font-size: 14.0pt;font-family: 'Arial',sans-serif;color: #191919\">Dar sost\u00e9n a los valores de honestidad, integridad, eficiencia, eficacia, calidad y trabajo en equipo de la Junta Juan Adri\u00e1n, apoyando as\u00ed los esfuerzos de transparencia institucional.<\/span><\/p>\n<p style=\"margin: 0cm 0cm 7.5pt 0cm\"><strong><span lang=\"ES-DO\" style=\"font-size: 14.0pt;font-family: 'Arial',sans-serif;color: #191919\">Misi\u00f3n<\/span><\/strong><\/p>\n<p style=\"margin: 0cm 0cm 7.5pt 0cm\"><span lang=\"ES-DO\" style=\"font-size: 14.0pt;font-family: 'Arial',sans-serif;color: #191919\">Garantizar el acceso de los usuarios a la informaci\u00f3n sobre la gesti\u00f3n de la Junta municipal Juan Adri\u00e1n, como una forma de validar la transparencia de la instituci\u00f3n.<\/span><\/p>\n<p style=\"margin: 0cm 0cm 7.5pt 0cm\"><strong><span lang=\"ES-DO\" style=\"font-size: 14.0pt;font-family: 'Arial',sans-serif;color: #191919\">Definici\u00f3n RAI<\/span><\/strong><\/p>\n<p style=\"margin: 0cm 0cm 7.5pt 0cm\"><span lang=\"ES-DO\" style=\"font-size: 14.0pt;font-family: 'Arial',sans-serif;color: #191919\">El representante de Acceso a la Informaci\u00f3n, es el responsable de tramitar y facilitar las informaciones requeridas y de ser el canal de comunicaci\u00f3n entre la instituci\u00f3n, ciudadanos y ciudadanas.<\/span><\/p>\n<p style=\"margin: 0cm 0cm 7.5pt 0cm\"><strong><span lang=\"ES-DO\" style=\"font-size: 14.0pt;font-family: 'Arial',sans-serif;color: #191919\">\u00a0Proceso de Solicitud de Informaci\u00f3n:<\/span><\/strong><\/p>\n<p style=\"margin: 0cm 0cm 7.5pt 0cm\"><span lang=\"ES-DO\" style=\"font-size: 14.0pt;font-family: 'Arial',sans-serif;color: #191919\">Completar el formulario de solicitud de informaci\u00f3n.<\/span><\/p>\n<p style=\"margin: 0cm 0cm 7.5pt 0cm\"><span lang=\"ES-DO\" style=\"font-size: 14.0pt;font-family: 'Arial',sans-serif;color: #191919\">Se procede a la revisi\u00f3n de dicho documento con la finalidad de verificar que est\u00e1 debidamente completada(o).<\/span><\/p>\n<p style=\"margin: 0cm 0cm 7.5pt 0cm\"><span lang=\"ES-DO\" style=\"font-size: 14.0pt;font-family: 'Arial',sans-serif;color: #191919\">Se hace entrega de acuse de recibo al solicitante.<\/span><\/p>\n<p style=\"margin: 0cm 0cm 7.5pt 0cm\"><span lang=\"ES-DO\" style=\"font-size: 14.0pt;font-family: 'Arial',sans-serif;color: #191919\">Seg\u00fan la complejidad de la informaci\u00f3n, se asigna una fecha de entrega. En caso de no ser la OPTIC la entidad competente para ofrecer la informaci\u00f3n requerida, dicha solicitud se refiere a la instituci\u00f3n correspondiente y se le informa al solicitante, el curso que ha tomado su solicitud y la instituci\u00f3n destinataria.<\/span><\/p>\n<p style=\"margin: 0cm 0cm 7.5pt 0cm\"><span lang=\"ES-DO\" style=\"font-size: 14.0pt;font-family: 'Arial',sans-serif;color: #191919\">Seguimiento de la(s) solicitud(es) hasta confirmar que se ha suministrado la informaci\u00f3n.<\/span><\/p>\n<p><strong>Responsable de libre acceso a la informaci\u00f3n Distrital<\/strong><\/p>\n<p><strong>RAIM.<\/strong><\/p>\n<p><strong>Jos\u00e9 Ram\u00f3n Macea Cruz<\/strong><\/p>\n<p><strong>Tel\u00e9fonos: <\/strong><strong>829-448-9283<\/strong><\/p>\n<p>Correo electr\u00f3nico; juntamunicipalja@hotmail.com<\/p>\n<p><strong>Direcci\u00f3n: <\/strong><strong>Pedro Olivares D\u00edaz No. 17, Juan Adri\u00e1n, Piedra Blanca, Provincia Monse\u00f1or Nouel, RD<\/strong><\/p>\n<p>\u00a0<\/p>\n\n","protected":false},"excerpt":{"rendered":"La Junta Del Distrito Municipal Juan Adri\u00e1n, tiene como objetivo primordial mostrar transparencia en cada una de las ejecuciones de los fondos p\u00fablicos. Motivando a la confianza de sus ciudadanos, Por eso crea el portal de libre acceso a la informaci\u00f3n con la finalidad de que la comunidad est\u00e9 informada y sea participe en cada&#8230;","protected":false},"author":4,"featured_media":0,"parent":0,"menu_order":0,"comment_status":"closed","ping_status":"closed","template":"","meta":[],"acf":[],"_links":{"self":[{"href":"https:\/\/juntamunicipaljuanadrian.gob.do\/transparencia\/wp-json\/wp\/v2\/pages\/78"}],"collection":[{"href":"https:\/\/juntamunicipaljuanadrian.gob.do\/transparencia\/wp-json\/wp\/v2\/pages"}],"about":[{"href":"https:\/\/juntamunicipaljuanadrian.gob.do\/transparencia\/wp-json\/wp\/v2\/types\/page"}],"author":[{"embeddable":true,"href":"https:\/\/juntamunicipaljuanadrian.gob.do\/transparencia\/wp-json\/wp\/v2\/users\/4"}],"replies":[{"embeddable":true,"href":"https:\/\/juntamunicipaljuanadrian.gob.do\/transparencia\/wp-json\/wp\/v2\/comments?post=78"}],"version-history":[{"count":12,"href":"https:\/\/juntamunicipaljuanadrian.gob.do\/transparencia\/wp-json\/wp\/v2\/pages\/78\/revisions"}],"predecessor-version":[{"id":397,"href":"https:\/\/juntamunicipaljuanadrian.gob.do\/transparencia\/wp-json\/wp\/v2\/pages\/78\/revisions\/397"}],"wp:attachment":[{"href":"https:\/\/juntamunicipaljuanadrian.gob.do\/transparencia\/wp-json\/wp\/v2\/media?parent=78"}],"curies":[{"name":"wp","href":"https:\/\/api.w.org\/{rel}","templated":true}]}}